{"id":1379,"date":"2024-06-22T10:42:32","date_gmt":"2024-06-22T10:42:32","guid":{"rendered":"http:\/\/roxenemedicale.com\/?post_type=product&#038;p=1379"},"modified":"2026-04-28T20:12:12","modified_gmt":"2026-04-28T20:12:12","slug":"collagen-skin-boost","status":"publish","type":"product","link":"https:\/\/roxenemedicale.com\/en\/product\/collagen-skin-boost\/","title":{"rendered":"COLLAGEN skin boost"},"content":{"rendered":"<h3>Composition :<\/h3>\n<p><strong>COLLAGEN-BEAUTY\u2122<\/strong> est ultra-concentr\u00e9 en collag\u00e8ne et en acide hyaluronique. R\u00e9sultat : la peau est liss\u00e9e et repulp\u00e9e, les signes de l\u2019\u00e2ge sont r\u00e9duits. Il est \u00e9galement enrichi en vitamine C qui contribue \u00e0 la formation normale de collag\u00e8ne pour assurer la fonction normale de la peau et en vitamine E qui contribue \u00e0 prot\u00e9ger les cellules contre le stress oxydatif gr\u00e2ce aux vitamines A, C et E.<\/p>\n<p><strong>COLLAGEN-BEAUTY\u2122<\/strong> permet de restructurer et r\u00e9\u00e9quilibrer la peau pour<br \/>\nl\u2019assainir et la purifier. Ce compl\u00e9ment alimentaire, \u00e0 base de plantes dont la bardane, le zinc, la pro-vitamine A, stimule naturellement et efficacement les proc\u00e9ssus de d\u00e9toxination et d&rsquo;assainissement de la peau.<br \/>\nIl permet de trait\u00e9 les impuret\u00e9s et imperfections, l&rsquo;acn\u00e9 aussi bien chez l&rsquo;adolescent que l&rsquo;adulte.<\/p>\n<p><strong>COLLAGEN-BEAUTY\u2122<\/strong> contribue \u00e0 mieux \u00e9liminer les toxines qui fragilisent et encombrent les tissus de la peau et permet de retrouver \u00e9clat et fra\u00eecheur du teint. Il a \u00e9t\u00e9 sp\u00e9cialement formul\u00e9 pour aider les peaux sujettes \u00e0 imperfections, mixtes \u00e0 grasses, \u00e0 se r\u00e9\u00e9quilibrer et \u00e0 retrouver leur nettet\u00e9 naturelle.<\/p>\n<p>Its optimized formula provides elements and nutrients to the actions:<\/p>\n<p>\u2022 La bardane, id\u00e9ale pour lutter contre les petites imperfections, elle aide \u00e0 retrouver une peau plus nette. Son action d\u00e9purative est aujourd\u2019hui reconnue car la bardane agit sur les \u00e9monctoires naturels afin de faciliter l&rsquo;\u00e9limination des impuret\u00e9s de l&rsquo;organisme, ce qui permet d\u2019assainir la peau. Elle combat les mol\u00e9cules qui alt\u00e8rent la qualit\u00e9 de la peau gr\u00e2ce \u00e0 son action antioxydante puissante, pour une peau plus belle au naturel. Elle est \u00e9galement id\u00e9ale pour apaiser les peaux \u00e0 probl\u00e8mes.<\/p>\n<p>\u2022 L\u2019artichaut qui aide \u00e0 purifier l\u2019organisme en \u00e9liminant les toxines accumul\u00e9es dans le corps par stimulation du foie, des reins, des intestins<\/p>\n<p>\u2022 L\u2019acide hyaluronique : L&rsquo;acide hyaluronique fait partie des \u00e9l\u00e9ments essentiels de la peau. Il comble le maillage entre les fibres d&rsquo;\u00e9lastine et de collag\u00e8ne, donnant un aspect hydrat\u00e9 et repulp\u00e9 \u00e0 la peau. La production d&rsquo;acide hyaluronique diminue avec l&rsquo;\u00e2ge, laissant appara\u00eetre des rides et ridules. Sa production diminue avec le temps et les rides apparaissent. Associer le collag\u00e8ne et l&rsquo;acide hyaluronique vous procure une synergie d&rsquo;actifs anti-\u00e2ge.<\/p>\n<p>\u2022 Le zinc qui joue un r\u00f4le dans la cicatrisation des tissus et purifiant, stimulant des d\u00e9fenses naturelles<\/p>\n<p>\u2022 Le b\u00e9ta-carot\u00e8ne (pro-vitamine A) et la vitamine E qui ont respectivement un r\u00f4le dans l\u2019int\u00e9grit\u00e9, la pr\u00e9servation des tissus et la protection des membranes cellulaires,<\/p>\n<h3>Conseils d&rsquo;utilisation :<\/h3>\n<p>Prendre 1 ampoule par jour pur ou dilu\u00e9e dans un verre d\u2019eau ou de jus de fruit en dehors des repas, de pr\u00e9f\u00e9rence le matin. Agiter l\u2019ampoule avant son ouverture. Ne pas d\u00e9passer la dose journali\u00e8re recommand\u00e9e.<\/p>\n<h3>Recommandation :<\/h3>\n<p>Ce compl\u00e9ment ne convient pas aux enfants, aux femmes enceintes ou en p\u00e9riode d\u2019allaitement. Il ne doit pas se substituer \u00e0 une alimentation vari\u00e9e et \u00e9quilibr\u00e9e et \u00e0 un mode de vie sain. Ce produit est \u00e0 conserver \u00e0 l\u2019abri de la lumi\u00e8re, de la chaleur et de l\u2019humidit\u00e9. Tenir hors de port\u00e9e des enfants.<br \/>\nNe pas consommer en cas d\u2019allergie \u00e0 l\u2019iode.<\/p>\n<p>&nbsp;<\/p>\n<p>&nbsp;<\/p>","protected":false},"excerpt":{"rendered":"<p>Favorise la formation normale de collag\u00e8ne, assurant ainsi une peau fonctionnelle et saine. La vitamine E, combin\u00e9e aux vitamines A et C, prot\u00e8ge les cellules contre le stress oxydatif, garantissant une peau \u00e9clatante et revitalis\u00e9e.<\/p>","protected":false},"featured_media":1383,"comment_status":"open","ping_status":"closed","template":"","meta":[],"product_cat":[23],"product_tag":[],"class_list":{"0":"post-1379","1":"product","2":"type-product","3":"status-publish","4":"has-post-thumbnail","6":"product_cat-collagen-skin-boost","8":"first","9":"instock","10":"shipping-taxable","11":"purchasable","12":"product-type-simple"},"_links":{"self":[{"href":"https:\/\/roxenemedicale.com\/en\/wp-json\/wp\/v2\/product\/1379","targetHints":{"allow":["GET"]}}],"collection":[{"href":"https:\/\/roxenemedicale.com\/en\/wp-json\/wp\/v2\/product"}],"about":[{"href":"https:\/\/roxenemedicale.com\/en\/wp-json\/wp\/v2\/types\/product"}],"replies":[{"embeddable":true,"href":"https:\/\/roxenemedicale.com\/en\/wp-json\/wp\/v2\/comments?post=1379"}],"wp:featuredmedia":[{"embeddable":true,"href":"https:\/\/roxenemedicale.com\/en\/wp-json\/wp\/v2\/media\/1383"}],"wp:attachment":[{"href":"https:\/\/roxenemedicale.com\/en\/wp-json\/wp\/v2\/media?parent=1379"}],"wp:term":[{"taxonomy":"product_cat","embeddable":true,"href":"https:\/\/roxenemedicale.com\/en\/wp-json\/wp\/v2\/product_cat?post=1379"},{"taxonomy":"product_tag","embeddable":true,"href":"https:\/\/roxenemedicale.com\/en\/wp-json\/wp\/v2\/product_tag?post=1379"}],"curies":[{"name":"wp","href":"https:\/\/api.w.org\/{rel}","templated":true}]}}